{"id":705,"date":"2026-01-22T12:27:49","date_gmt":"2026-01-22T12:27:49","guid":{"rendered":"https:\/\/faunamasterv2.marketingdigital.dk\/?page_id=705"},"modified":"2026-04-15T11:38:22","modified_gmt":"2026-04-15T11:38:22","slug":"faunamaster-atv-seeder-105","status":"publish","type":"page","link":"https:\/\/faunamaster.com\/sv\/faunamaster-atv-seeder-105\/","title":{"rendered":"ATV S\u00e5maskin 105"},"content":{"rendered":"","protected":false},"excerpt":{"rendered":"","protected":false},"author":1,"featured_media":0,"parent":0,"menu_order":0,"comment_status":"closed","ping_status":"closed","template":"","meta":{"footnotes":""},"class_list":["post-705","page","type-page","status-publish","hentry"],"yoast_head":"<!-- This site is optimized with the Yoast SEO plugin v27.4 - https:\/\/yoast.com\/product\/yoast-seo-wordpress\/ -->\n<title>ATV Seeder 105 \u2013 Kompakt S\u00e5maskine til Naturpleje<\/title>\n<meta name=\"description\" content=\"ATV Seeder 105 fra Faunamaster \u2013 kompakt og effektiv s\u00e5maskine til uds\u00e5ning af fr\u00f8 for vildt, naturpleje og biodiversitet.\" \/>\n<meta name=\"robots\" content=\"noindex, follow, max-snippet:-1, max-image-preview:large, max-video-preview:-1\" \/>\n<meta property=\"og:locale\" content=\"sv_SE\" \/>\n<meta property=\"og:type\" content=\"article\" \/>\n<meta property=\"og:title\" content=\"ATV Seeder 105 \u2013 Kompakt S\u00e5maskine til Naturpleje\" \/>\n<meta property=\"og:description\" content=\"ATV Seeder 105 fra Faunamaster \u2013 kompakt og effektiv s\u00e5maskine til uds\u00e5ning af fr\u00f8 for vildt, naturpleje og biodiversitet.\" \/>\n<meta property=\"og:url\" content=\"https:\/\/faunamaster.com\/sv\/faunamaster-atv-seeder-105\/\" \/>\n<meta property=\"og:site_name\" content=\"Faunamaster.com\" \/>\n<meta property=\"article:publisher\" content=\"https:\/\/www.facebook.com\/Faunamaster\/\" \/>\n<meta property=\"article:modified_time\" content=\"2026-04-15T11:38:22+00:00\" \/>\n<meta name=\"twitter:card\" content=\"summary_large_image\" \/>\n<script type=\"application\/ld+json\" class=\"yoast-schema-graph\">{\"@context\":\"https:\\\/\\\/schema.org\",\"@graph\":[{\"@type\":\"WebPage\",\"@id\":\"https:\\\/\\\/faunamaster.com\\\/faunamaster-atv-seeder-105\\\/\",\"url\":\"https:\\\/\\\/faunamaster.com\\\/faunamaster-atv-seeder-105\\\/\",\"name\":\"ATV Seeder 105 \u2013 Kompakt S\u00e5maskine til Naturpleje\",\"isPartOf\":{\"@id\":\"https:\\\/\\\/faunamaster.com\\\/#website\"},\"datePublished\":\"2026-01-22T12:27:49+00:00\",\"dateModified\":\"2026-04-15T11:38:22+00:00\",\"description\":\"ATV Seeder 105 fra Faunamaster \u2013 kompakt og effektiv s\u00e5maskine til uds\u00e5ning af fr\u00f8 for vildt, naturpleje og biodiversitet.\",\"breadcrumb\":{\"@id\":\"https:\\\/\\\/faunamaster.com\\\/faunamaster-atv-seeder-105\\\/#breadcrumb\"},\"inLanguage\":\"sv-SE\",\"potentialAction\":[{\"@type\":\"ReadAction\",\"target\":[\"https:\\\/\\\/faunamaster.com\\\/faunamaster-atv-seeder-105\\\/\"]}]},{\"@type\":\"BreadcrumbList\",\"@id\":\"https:\\\/\\\/faunamaster.com\\\/faunamaster-atv-seeder-105\\\/#breadcrumb\",\"itemListElement\":[{\"@type\":\"ListItem\",\"position\":1,\"name\":\"Hjem\",\"item\":\"https:\\\/\\\/faunamaster.com\\\/\"},{\"@type\":\"ListItem\",\"position\":2,\"name\":\"ATV S\u00e5maskine 105\"}]},{\"@type\":\"WebSite\",\"@id\":\"https:\\\/\\\/faunamaster.com\\\/#website\",\"url\":\"https:\\\/\\\/faunamaster.com\\\/\",\"name\":\"Faunamaster.com\",\"description\":\"\",\"publisher\":{\"@id\":\"https:\\\/\\\/faunamaster.com\\\/#organization\"},\"potentialAction\":[{\"@type\":\"SearchAction\",\"target\":{\"@type\":\"EntryPoint\",\"urlTemplate\":\"https:\\\/\\\/faunamaster.com\\\/?s={search_term_string}\"},\"query-input\":{\"@type\":\"PropertyValueSpecification\",\"valueRequired\":true,\"valueName\":\"search_term_string\"}}],\"inLanguage\":\"sv-SE\"},{\"@type\":\"Organization\",\"@id\":\"https:\\\/\\\/faunamaster.com\\\/#organization\",\"name\":\"Faunamaster ApS\",\"url\":\"https:\\\/\\\/faunamaster.com\\\/\",\"logo\":{\"@type\":\"ImageObject\",\"inLanguage\":\"sv-SE\",\"@id\":\"https:\\\/\\\/faunamaster.com\\\/#\\\/schema\\\/logo\\\/image\\\/\",\"url\":\"https:\\\/\\\/faunamaster.com\\\/wp-content\\\/uploads\\\/2025\\\/11\\\/Logo-V3.png\",\"contentUrl\":\"https:\\\/\\\/faunamaster.com\\\/wp-content\\\/uploads\\\/2025\\\/11\\\/Logo-V3.png\",\"width\":1280,\"height\":288,\"caption\":\"Faunamaster ApS\"},\"image\":{\"@id\":\"https:\\\/\\\/faunamaster.com\\\/#\\\/schema\\\/logo\\\/image\\\/\"},\"sameAs\":[\"https:\\\/\\\/www.facebook.com\\\/Faunamaster\\\/\",\"https:\\\/\\\/www.instagram.com\\\/faunamaster\\\/\",\"https:\\\/\\\/dk.linkedin.com\\\/company\\\/faunamaster-aps\"]}]}<\/script>\n<!-- \/ Yoast SEO plugin. -->","yoast_head_json":{"title":"ATV Seeder 105 \u2013 Kompakt S\u00e5maskine til Naturpleje","description":"ATV Seeder 105 fra Faunamaster \u2013 kompakt og effektiv s\u00e5maskine til uds\u00e5ning af fr\u00f8 for vildt, naturpleje og biodiversitet.","robots":{"index":"noindex","follow":"follow","max-snippet":"max-snippet:-1","max-image-preview":"max-image-preview:large","max-video-preview":"max-video-preview:-1"},"og_locale":"sv_SE","og_type":"article","og_title":"ATV Seeder 105 \u2013 Kompakt S\u00e5maskine til Naturpleje","og_description":"ATV Seeder 105 fra Faunamaster \u2013 kompakt og effektiv s\u00e5maskine til uds\u00e5ning af fr\u00f8 for vildt, naturpleje og biodiversitet.","og_url":"https:\/\/faunamaster.com\/sv\/faunamaster-atv-seeder-105\/","og_site_name":"Faunamaster.com","article_publisher":"https:\/\/www.facebook.com\/Faunamaster\/","article_modified_time":"2026-04-15T11:38:22+00:00","twitter_card":"summary_large_image","schema":{"@context":"https:\/\/schema.org","@graph":[{"@type":"WebPage","@id":"https:\/\/faunamaster.com\/faunamaster-atv-seeder-105\/","url":"https:\/\/faunamaster.com\/faunamaster-atv-seeder-105\/","name":"ATV Seeder 105 \u2013 Kompakt S\u00e5maskine til Naturpleje","isPartOf":{"@id":"https:\/\/faunamaster.com\/#website"},"datePublished":"2026-01-22T12:27:49+00:00","dateModified":"2026-04-15T11:38:22+00:00","description":"ATV Seeder 105 fra Faunamaster \u2013 kompakt og effektiv s\u00e5maskine til uds\u00e5ning af fr\u00f8 for vildt, naturpleje og biodiversitet.","breadcrumb":{"@id":"https:\/\/faunamaster.com\/faunamaster-atv-seeder-105\/#breadcrumb"},"inLanguage":"sv-SE","potentialAction":[{"@type":"ReadAction","target":["https:\/\/faunamaster.com\/faunamaster-atv-seeder-105\/"]}]},{"@type":"BreadcrumbList","@id":"https:\/\/faunamaster.com\/faunamaster-atv-seeder-105\/#breadcrumb","itemListElement":[{"@type":"ListItem","position":1,"name":"Hjem","item":"https:\/\/faunamaster.com\/"},{"@type":"ListItem","position":2,"name":"ATV S\u00e5maskine 105"}]},{"@type":"WebSite","@id":"https:\/\/faunamaster.com\/#website","url":"https:\/\/faunamaster.com\/","name":"Faunam\u00e4staren.com","description":"","publisher":{"@id":"https:\/\/faunamaster.com\/#organization"},"potentialAction":[{"@type":"SearchAction","target":{"@type":"EntryPoint","urlTemplate":"https:\/\/faunamaster.com\/?s={search_term_string}"},"query-input":{"@type":"PropertyValueSpecification","valueRequired":true,"valueName":"search_term_string"}}],"inLanguage":"sv-SE"},{"@type":"Organization","@id":"https:\/\/faunamaster.com\/#organization","name":"Faunam\u00e4stare AB","url":"https:\/\/faunamaster.com\/","logo":{"@type":"ImageObject","inLanguage":"sv-SE","@id":"https:\/\/faunamaster.com\/#\/schema\/logo\/image\/","url":"https:\/\/faunamaster.com\/wp-content\/uploads\/2025\/11\/Logo-V3.png","contentUrl":"https:\/\/faunamaster.com\/wp-content\/uploads\/2025\/11\/Logo-V3.png","width":1280,"height":288,"caption":"Faunamaster ApS"},"image":{"@id":"https:\/\/faunamaster.com\/#\/schema\/logo\/image\/"},"sameAs":["https:\/\/www.facebook.com\/Faunamaster\/","https:\/\/www.instagram.com\/faunamaster\/","https:\/\/dk.linkedin.com\/company\/faunamaster-aps"]}]}},"_links":{"self":[{"href":"https:\/\/faunamaster.com\/sv\/wp-json\/wp\/v2\/pages\/705","targetHints":{"allow":["GET"]}}],"collection":[{"href":"https:\/\/faunamaster.com\/sv\/wp-json\/wp\/v2\/pages"}],"about":[{"href":"https:\/\/faunamaster.com\/sv\/wp-json\/wp\/v2\/types\/page"}],"author":[{"embeddable":true,"href":"https:\/\/faunamaster.com\/sv\/wp-json\/wp\/v2\/users\/1"}],"replies":[{"embeddable":true,"href":"https:\/\/faunamaster.com\/sv\/wp-json\/wp\/v2\/comments?post=705"}],"version-history":[{"count":4,"href":"https:\/\/faunamaster.com\/sv\/wp-json\/wp\/v2\/pages\/705\/revisions"}],"predecessor-version":[{"id":735,"href":"https:\/\/faunamaster.com\/sv\/wp-json\/wp\/v2\/pages\/705\/revisions\/735"}],"wp:attachment":[{"href":"https:\/\/faunamaster.com\/sv\/wp-json\/wp\/v2\/media?parent=705"}],"curies":[{"name":"wp","href":"https:\/\/api.w.org\/{rel}","templated":true}]}}