{"id":416,"date":"2020-12-31T09:05:49","date_gmt":"2020-12-31T09:05:49","guid":{"rendered":"https:\/\/faunamasterv2.marketingdigital.dk\/?page_id=9"},"modified":"2026-04-15T11:49:26","modified_gmt":"2026-04-15T11:49:26","slug":"semoir-utv-180","status":"publish","type":"page","link":"https:\/\/faunamaster.com\/fr\/utv-seeder-180\/","title":{"rendered":"UTV Semoir 180"},"content":{"rendered":"","protected":false},"excerpt":{"rendered":"","protected":false},"author":1,"featured_media":0,"parent":0,"menu_order":0,"comment_status":"closed","ping_status":"closed","template":"","meta":{"footnotes":""},"class_list":["post-416","page","type-page","status-publish","hentry"],"yoast_head":"<!-- This site is optimized with the Yoast SEO plugin v27.4 - https:\/\/yoast.com\/product\/yoast-seo-wordpress\/ -->\n<title>UTV Seeder 180 \u2013 Pr\u00e6cisionss\u00e5ning for Natur &amp; Vildt<\/title>\n<meta name=\"description\" content=\"UTV Seeder 180 giver pr\u00e6cis og effektiv s\u00e5ning af fr\u00f8 til dyr og natur. Perfekt til arealpleje, vildtpleje og biodiversitetsprojekter.\" \/>\n<meta name=\"robots\" content=\"noindex, follow, max-snippet:-1, max-image-preview:large, max-video-preview:-1\" \/>\n<meta property=\"og:locale\" content=\"fr_FR\" \/>\n<meta property=\"og:type\" content=\"article\" \/>\n<meta property=\"og:title\" content=\"UTV Seeder 180 \u2013 Pr\u00e6cisionss\u00e5ning for Natur &amp; Vildt\" \/>\n<meta property=\"og:description\" content=\"UTV Seeder 180 giver pr\u00e6cis og effektiv s\u00e5ning af fr\u00f8 til dyr og natur. Perfekt til arealpleje, vildtpleje og biodiversitetsprojekter.\" \/>\n<meta property=\"og:url\" content=\"https:\/\/faunamaster.com\/fr\/semoir-utv-180\/\" \/>\n<meta property=\"og:site_name\" content=\"Faunamaster.com\" \/>\n<meta property=\"article:publisher\" content=\"https:\/\/www.facebook.com\/Faunamaster\/\" \/>\n<meta property=\"article:modified_time\" content=\"2026-04-15T11:49:26+00:00\" \/>\n<meta name=\"twitter:card\" content=\"summary_large_image\" \/>\n<script type=\"application\/ld+json\" class=\"yoast-schema-graph\">{\"@context\":\"https:\\\/\\\/schema.org\",\"@graph\":[{\"@type\":\"WebPage\",\"@id\":\"https:\\\/\\\/faunamaster.com\\\/utv-seeder-180\\\/\",\"url\":\"https:\\\/\\\/faunamaster.com\\\/utv-seeder-180\\\/\",\"name\":\"UTV Seeder 180 \u2013 Pr\u00e6cisionss\u00e5ning for Natur & Vildt\",\"isPartOf\":{\"@id\":\"https:\\\/\\\/faunamaster.com\\\/#website\"},\"datePublished\":\"2020-12-31T09:05:49+00:00\",\"dateModified\":\"2026-04-15T11:49:26+00:00\",\"description\":\"UTV Seeder 180 giver pr\u00e6cis og effektiv s\u00e5ning af fr\u00f8 til dyr og natur. Perfekt til arealpleje, vildtpleje og biodiversitetsprojekter.\",\"breadcrumb\":{\"@id\":\"https:\\\/\\\/faunamaster.com\\\/utv-seeder-180\\\/#breadcrumb\"},\"inLanguage\":\"fr-FR\",\"potentialAction\":[{\"@type\":\"ReadAction\",\"target\":[\"https:\\\/\\\/faunamaster.com\\\/utv-seeder-180\\\/\"]}]},{\"@type\":\"BreadcrumbList\",\"@id\":\"https:\\\/\\\/faunamaster.com\\\/utv-seeder-180\\\/#breadcrumb\",\"itemListElement\":[{\"@type\":\"ListItem\",\"position\":1,\"name\":\"Hjem\",\"item\":\"https:\\\/\\\/faunamaster.com\\\/\"},{\"@type\":\"ListItem\",\"position\":2,\"name\":\"UTV S\u00e5maskine 180\"}]},{\"@type\":\"WebSite\",\"@id\":\"https:\\\/\\\/faunamaster.com\\\/#website\",\"url\":\"https:\\\/\\\/faunamaster.com\\\/\",\"name\":\"Faunamaster.com\",\"description\":\"\",\"publisher\":{\"@id\":\"https:\\\/\\\/faunamaster.com\\\/#organization\"},\"potentialAction\":[{\"@type\":\"SearchAction\",\"target\":{\"@type\":\"EntryPoint\",\"urlTemplate\":\"https:\\\/\\\/faunamaster.com\\\/?s={search_term_string}\"},\"query-input\":{\"@type\":\"PropertyValueSpecification\",\"valueRequired\":true,\"valueName\":\"search_term_string\"}}],\"inLanguage\":\"fr-FR\"},{\"@type\":\"Organization\",\"@id\":\"https:\\\/\\\/faunamaster.com\\\/#organization\",\"name\":\"Faunamaster ApS\",\"url\":\"https:\\\/\\\/faunamaster.com\\\/\",\"logo\":{\"@type\":\"ImageObject\",\"inLanguage\":\"fr-FR\",\"@id\":\"https:\\\/\\\/faunamaster.com\\\/#\\\/schema\\\/logo\\\/image\\\/\",\"url\":\"https:\\\/\\\/faunamaster.com\\\/wp-content\\\/uploads\\\/2025\\\/11\\\/Logo-V3.png\",\"contentUrl\":\"https:\\\/\\\/faunamaster.com\\\/wp-content\\\/uploads\\\/2025\\\/11\\\/Logo-V3.png\",\"width\":1280,\"height\":288,\"caption\":\"Faunamaster ApS\"},\"image\":{\"@id\":\"https:\\\/\\\/faunamaster.com\\\/#\\\/schema\\\/logo\\\/image\\\/\"},\"sameAs\":[\"https:\\\/\\\/www.facebook.com\\\/Faunamaster\\\/\",\"https:\\\/\\\/www.instagram.com\\\/faunamaster\\\/\",\"https:\\\/\\\/dk.linkedin.com\\\/company\\\/faunamaster-aps\"]}]}<\/script>\n<!-- \/ Yoast SEO plugin. -->","yoast_head_json":{"title":"UTV Seeder 180 - Semis de pr\u00e9cision pour la nature et la faune","description":"L'UTV Seeder 180 permet un semis pr\u00e9cis et efficace des graines pour les animaux et la nature. Parfait pour la gestion des terres, la gestion de la faune et les projets de biodiversit\u00e9.","robots":{"index":"noindex","follow":"follow","max-snippet":"max-snippet:-1","max-image-preview":"max-image-preview:large","max-video-preview":"max-video-preview:-1"},"og_locale":"fr_FR","og_type":"article","og_title":"UTV Seeder 180 \u2013 Pr\u00e6cisionss\u00e5ning for Natur & Vildt","og_description":"UTV Seeder 180 giver pr\u00e6cis og effektiv s\u00e5ning af fr\u00f8 til dyr og natur. Perfekt til arealpleje, vildtpleje og biodiversitetsprojekter.","og_url":"https:\/\/faunamaster.com\/fr\/semoir-utv-180\/","og_site_name":"Faunamaster.com","article_publisher":"https:\/\/www.facebook.com\/Faunamaster\/","article_modified_time":"2026-04-15T11:49:26+00:00","twitter_card":"summary_large_image","schema":{"@context":"https:\/\/schema.org","@graph":[{"@type":"WebPage","@id":"https:\/\/faunamaster.com\/utv-seeder-180\/","url":"https:\/\/faunamaster.com\/utv-seeder-180\/","name":"UTV Seeder 180 - Semis de pr\u00e9cision pour la nature et la faune","isPartOf":{"@id":"https:\/\/faunamaster.com\/#website"},"datePublished":"2020-12-31T09:05:49+00:00","dateModified":"2026-04-15T11:49:26+00:00","description":"L'UTV Seeder 180 permet un semis pr\u00e9cis et efficace des graines pour les animaux et la nature. Parfait pour la gestion des terres, la gestion de la faune et les projets de biodiversit\u00e9.","breadcrumb":{"@id":"https:\/\/faunamaster.com\/utv-seeder-180\/#breadcrumb"},"inLanguage":"fr-FR","potentialAction":[{"@type":"ReadAction","target":["https:\/\/faunamaster.com\/utv-seeder-180\/"]}]},{"@type":"BreadcrumbList","@id":"https:\/\/faunamaster.com\/utv-seeder-180\/#breadcrumb","itemListElement":[{"@type":"ListItem","position":1,"name":"Hjem","item":"https:\/\/faunamaster.com\/"},{"@type":"ListItem","position":2,"name":"UTV S\u00e5maskine 180"}]},{"@type":"WebSite","@id":"https:\/\/faunamaster.com\/#website","url":"https:\/\/faunamaster.com\/","name":"Faunamaster.com","description":"","publisher":{"@id":"https:\/\/faunamaster.com\/#organization"},"potentialAction":[{"@type":"SearchAction","target":{"@type":"EntryPoint","urlTemplate":"https:\/\/faunamaster.com\/?s={search_term_string}"},"query-input":{"@type":"PropertyValueSpecification","valueRequired":true,"valueName":"search_term_string"}}],"inLanguage":"fr-FR"},{"@type":"Organization","@id":"https:\/\/faunamaster.com\/#organization","name":"Faunamaster ApS","url":"https:\/\/faunamaster.com\/","logo":{"@type":"ImageObject","inLanguage":"fr-FR","@id":"https:\/\/faunamaster.com\/#\/schema\/logo\/image\/","url":"https:\/\/faunamaster.com\/wp-content\/uploads\/2025\/11\/Logo-V3.png","contentUrl":"https:\/\/faunamaster.com\/wp-content\/uploads\/2025\/11\/Logo-V3.png","width":1280,"height":288,"caption":"Faunamaster ApS"},"image":{"@id":"https:\/\/faunamaster.com\/#\/schema\/logo\/image\/"},"sameAs":["https:\/\/www.facebook.com\/Faunamaster\/","https:\/\/www.instagram.com\/faunamaster\/","https:\/\/dk.linkedin.com\/company\/faunamaster-aps"]}]}},"_links":{"self":[{"href":"https:\/\/faunamaster.com\/fr\/wp-json\/wp\/v2\/pages\/416","targetHints":{"allow":["GET"]}}],"collection":[{"href":"https:\/\/faunamaster.com\/fr\/wp-json\/wp\/v2\/pages"}],"about":[{"href":"https:\/\/faunamaster.com\/fr\/wp-json\/wp\/v2\/types\/page"}],"author":[{"embeddable":true,"href":"https:\/\/faunamaster.com\/fr\/wp-json\/wp\/v2\/users\/1"}],"replies":[{"embeddable":true,"href":"https:\/\/faunamaster.com\/fr\/wp-json\/wp\/v2\/comments?post=416"}],"version-history":[{"count":4,"href":"https:\/\/faunamaster.com\/fr\/wp-json\/wp\/v2\/pages\/416\/revisions"}],"predecessor-version":[{"id":737,"href":"https:\/\/faunamaster.com\/fr\/wp-json\/wp\/v2\/pages\/416\/revisions\/737"}],"wp:attachment":[{"href":"https:\/\/faunamaster.com\/fr\/wp-json\/wp\/v2\/media?parent=416"}],"curies":[{"name":"wp","href":"https:\/\/api.w.org\/{rel}","templated":true}]}}