{"id":16,"date":"2022-03-28T14:20:36","date_gmt":"2022-03-28T14:20:36","guid":{"rendered":"https:\/\/faunamasterv2.marketingdigital.dk\/?page_id=16"},"modified":"2026-04-15T11:43:59","modified_gmt":"2026-04-15T11:43:59","slug":"kontakt","status":"publish","type":"page","link":"https:\/\/faunamaster.com\/es\/kontakt\/","title":{"rendered":"P\u00f3ngase en contacto con nosotros"},"content":{"rendered":"","protected":false},"excerpt":{"rendered":"","protected":false},"author":1,"featured_media":0,"parent":0,"menu_order":0,"comment_status":"closed","ping_status":"closed","template":"","meta":{"footnotes":""},"class_list":["post-16","page","type-page","status-publish","hentry"],"yoast_head":"<!-- This site is optimized with the Yoast SEO plugin v27.4 - https:\/\/yoast.com\/product\/yoast-seo-wordpress\/ -->\n<title>Kontakt Faunamaster \u2013 Sp\u00f8rgsm\u00e5l &amp; Support<\/title>\n<meta name=\"description\" content=\"Har du sp\u00f8rgsm\u00e5l til Faunamaster maskiner, forhandlerprogram eller tilbud? Kontakt os i dag \u2013 vi hj\u00e6lper med r\u00e5dgivning og svar.\" \/>\n<meta name=\"robots\" content=\"noindex, follow, max-snippet:-1, max-image-preview:large, max-video-preview:-1\" \/>\n<meta property=\"og:locale\" content=\"es_ES\" \/>\n<meta property=\"og:type\" content=\"article\" \/>\n<meta property=\"og:title\" content=\"Kontakt Faunamaster \u2013 Sp\u00f8rgsm\u00e5l &amp; Support\" \/>\n<meta property=\"og:description\" content=\"Har du sp\u00f8rgsm\u00e5l til Faunamaster maskiner, forhandlerprogram eller tilbud? Kontakt os i dag \u2013 vi hj\u00e6lper med r\u00e5dgivning og svar.\" \/>\n<meta property=\"og:url\" content=\"https:\/\/faunamaster.com\/es\/kontakt\/\" \/>\n<meta property=\"og:site_name\" content=\"Faunamaster.com\" \/>\n<meta property=\"article:publisher\" content=\"https:\/\/www.facebook.com\/Faunamaster\/\" \/>\n<meta property=\"article:modified_time\" content=\"2026-04-15T11:43:59+00:00\" \/>\n<meta name=\"twitter:card\" content=\"summary_large_image\" \/>\n<script type=\"application\/ld+json\" class=\"yoast-schema-graph\">{\"@context\":\"https:\\\/\\\/schema.org\",\"@graph\":[{\"@type\":\"WebPage\",\"@id\":\"https:\\\/\\\/faunamaster.com\\\/kontakt\\\/\",\"url\":\"https:\\\/\\\/faunamaster.com\\\/kontakt\\\/\",\"name\":\"Kontakt Faunamaster \u2013 Sp\u00f8rgsm\u00e5l & Support\",\"isPartOf\":{\"@id\":\"https:\\\/\\\/faunamaster.com\\\/#website\"},\"datePublished\":\"2022-03-28T14:20:36+00:00\",\"dateModified\":\"2026-04-15T11:43:59+00:00\",\"description\":\"Har du sp\u00f8rgsm\u00e5l til Faunamaster maskiner, forhandlerprogram eller tilbud? Kontakt os i dag \u2013 vi hj\u00e6lper med r\u00e5dgivning og svar.\",\"breadcrumb\":{\"@id\":\"https:\\\/\\\/faunamaster.com\\\/kontakt\\\/#breadcrumb\"},\"inLanguage\":\"es\",\"potentialAction\":[{\"@type\":\"ReadAction\",\"target\":[\"https:\\\/\\\/faunamaster.com\\\/kontakt\\\/\"]}]},{\"@type\":\"BreadcrumbList\",\"@id\":\"https:\\\/\\\/faunamaster.com\\\/kontakt\\\/#breadcrumb\",\"itemListElement\":[{\"@type\":\"ListItem\",\"position\":1,\"name\":\"Hjem\",\"item\":\"https:\\\/\\\/faunamaster.com\\\/\"},{\"@type\":\"ListItem\",\"position\":2,\"name\":\"Kontakt\"}]},{\"@type\":\"WebSite\",\"@id\":\"https:\\\/\\\/faunamaster.com\\\/#website\",\"url\":\"https:\\\/\\\/faunamaster.com\\\/\",\"name\":\"Faunamaster.com\",\"description\":\"\",\"publisher\":{\"@id\":\"https:\\\/\\\/faunamaster.com\\\/#organization\"},\"potentialAction\":[{\"@type\":\"SearchAction\",\"target\":{\"@type\":\"EntryPoint\",\"urlTemplate\":\"https:\\\/\\\/faunamaster.com\\\/?s={search_term_string}\"},\"query-input\":{\"@type\":\"PropertyValueSpecification\",\"valueRequired\":true,\"valueName\":\"search_term_string\"}}],\"inLanguage\":\"es\"},{\"@type\":\"Organization\",\"@id\":\"https:\\\/\\\/faunamaster.com\\\/#organization\",\"name\":\"Faunamaster ApS\",\"url\":\"https:\\\/\\\/faunamaster.com\\\/\",\"logo\":{\"@type\":\"ImageObject\",\"inLanguage\":\"es\",\"@id\":\"https:\\\/\\\/faunamaster.com\\\/#\\\/schema\\\/logo\\\/image\\\/\",\"url\":\"https:\\\/\\\/faunamaster.com\\\/wp-content\\\/uploads\\\/2025\\\/11\\\/Logo-V3.png\",\"contentUrl\":\"https:\\\/\\\/faunamaster.com\\\/wp-content\\\/uploads\\\/2025\\\/11\\\/Logo-V3.png\",\"width\":1280,\"height\":288,\"caption\":\"Faunamaster ApS\"},\"image\":{\"@id\":\"https:\\\/\\\/faunamaster.com\\\/#\\\/schema\\\/logo\\\/image\\\/\"},\"sameAs\":[\"https:\\\/\\\/www.facebook.com\\\/Faunamaster\\\/\",\"https:\\\/\\\/www.instagram.com\\\/faunamaster\\\/\",\"https:\\\/\\\/dk.linkedin.com\\\/company\\\/faunamaster-aps\"]}]}<\/script>\n<!-- \/ Yoast SEO plugin. -->","yoast_head_json":{"title":"Kontakt Faunamaster \u2013 Sp\u00f8rgsm\u00e5l & Support","description":"Har du sp\u00f8rgsm\u00e5l til Faunamaster maskiner, forhandlerprogram eller tilbud? Kontakt os i dag \u2013 vi hj\u00e6lper med r\u00e5dgivning og svar.","robots":{"index":"noindex","follow":"follow","max-snippet":"max-snippet:-1","max-image-preview":"max-image-preview:large","max-video-preview":"max-video-preview:-1"},"og_locale":"es_ES","og_type":"article","og_title":"Kontakt Faunamaster \u2013 Sp\u00f8rgsm\u00e5l & Support","og_description":"Har du sp\u00f8rgsm\u00e5l til Faunamaster maskiner, forhandlerprogram eller tilbud? Kontakt os i dag \u2013 vi hj\u00e6lper med r\u00e5dgivning og svar.","og_url":"https:\/\/faunamaster.com\/es\/kontakt\/","og_site_name":"Faunamaster.com","article_publisher":"https:\/\/www.facebook.com\/Faunamaster\/","article_modified_time":"2026-04-15T11:43:59+00:00","twitter_card":"summary_large_image","schema":{"@context":"https:\/\/schema.org","@graph":[{"@type":"WebPage","@id":"https:\/\/faunamaster.com\/kontakt\/","url":"https:\/\/faunamaster.com\/kontakt\/","name":"Kontakt Faunamaster \u2013 Sp\u00f8rgsm\u00e5l & Support","isPartOf":{"@id":"https:\/\/faunamaster.com\/#website"},"datePublished":"2022-03-28T14:20:36+00:00","dateModified":"2026-04-15T11:43:59+00:00","description":"Har du sp\u00f8rgsm\u00e5l til Faunamaster maskiner, forhandlerprogram eller tilbud? Kontakt os i dag \u2013 vi hj\u00e6lper med r\u00e5dgivning og svar.","breadcrumb":{"@id":"https:\/\/faunamaster.com\/kontakt\/#breadcrumb"},"inLanguage":"es","potentialAction":[{"@type":"ReadAction","target":["https:\/\/faunamaster.com\/kontakt\/"]}]},{"@type":"BreadcrumbList","@id":"https:\/\/faunamaster.com\/kontakt\/#breadcrumb","itemListElement":[{"@type":"ListItem","position":1,"name":"Hjem","item":"https:\/\/faunamaster.com\/"},{"@type":"ListItem","position":2,"name":"Kontakt"}]},{"@type":"WebSite","@id":"https:\/\/faunamaster.com\/#website","url":"https:\/\/faunamaster.com\/","name":"Faunamaster.com","description":"","publisher":{"@id":"https:\/\/faunamaster.com\/#organization"},"potentialAction":[{"@type":"SearchAction","target":{"@type":"EntryPoint","urlTemplate":"https:\/\/faunamaster.com\/?s={search_term_string}"},"query-input":{"@type":"PropertyValueSpecification","valueRequired":true,"valueName":"search_term_string"}}],"inLanguage":"es"},{"@type":"Organization","@id":"https:\/\/faunamaster.com\/#organization","name":"Faunamaster ApS","url":"https:\/\/faunamaster.com\/","logo":{"@type":"ImageObject","inLanguage":"es","@id":"https:\/\/faunamaster.com\/#\/schema\/logo\/image\/","url":"https:\/\/faunamaster.com\/wp-content\/uploads\/2025\/11\/Logo-V3.png","contentUrl":"https:\/\/faunamaster.com\/wp-content\/uploads\/2025\/11\/Logo-V3.png","width":1280,"height":288,"caption":"Faunamaster ApS"},"image":{"@id":"https:\/\/faunamaster.com\/#\/schema\/logo\/image\/"},"sameAs":["https:\/\/www.facebook.com\/Faunamaster\/","https:\/\/www.instagram.com\/faunamaster\/","https:\/\/dk.linkedin.com\/company\/faunamaster-aps"]}]}},"_links":{"self":[{"href":"https:\/\/faunamaster.com\/es\/wp-json\/wp\/v2\/pages\/16","targetHints":{"allow":["GET"]}}],"collection":[{"href":"https:\/\/faunamaster.com\/es\/wp-json\/wp\/v2\/pages"}],"about":[{"href":"https:\/\/faunamaster.com\/es\/wp-json\/wp\/v2\/types\/page"}],"author":[{"embeddable":true,"href":"https:\/\/faunamaster.com\/es\/wp-json\/wp\/v2\/users\/1"}],"replies":[{"embeddable":true,"href":"https:\/\/faunamaster.com\/es\/wp-json\/wp\/v2\/comments?post=16"}],"version-history":[{"count":1,"href":"https:\/\/faunamaster.com\/es\/wp-json\/wp\/v2\/pages\/16\/revisions"}],"predecessor-version":[{"id":412,"href":"https:\/\/faunamaster.com\/es\/wp-json\/wp\/v2\/pages\/16\/revisions\/412"}],"wp:attachment":[{"href":"https:\/\/faunamaster.com\/es\/wp-json\/wp\/v2\/media?parent=16"}],"curies":[{"name":"wp","href":"https:\/\/api.w.org\/{rel}","templated":true}]}}