{"id":711,"date":"2026-01-22T12:28:22","date_gmt":"2026-01-22T12:28:22","guid":{"rendered":"https:\/\/faunamasterv2.marketingdigital.dk\/?page_id=711"},"modified":"2026-04-15T11:41:23","modified_gmt":"2026-04-15T11:41:23","slug":"faunamaster-atv-sproejte-fms70","status":"publish","type":"page","link":"https:\/\/faunamaster.com\/de\/faunamaster-atv-sproejte-fms70\/","title":{"rendered":"ATV Spritze FMS70"},"content":{"rendered":"","protected":false},"excerpt":{"rendered":"","protected":false},"author":1,"featured_media":0,"parent":0,"menu_order":0,"comment_status":"closed","ping_status":"closed","template":"","meta":{"footnotes":""},"class_list":["post-711","page","type-page","status-publish","hentry"],"yoast_head":"<!-- This site is optimized with the Yoast SEO plugin v27.4 - https:\/\/yoast.com\/product\/yoast-seo-wordpress\/ -->\n<title>Faunamaster ATV Spr\u00f8jte FMS70 \u2013 Pr\u00e6cis Spr\u00f8jtning<\/title>\n<meta name=\"description\" content=\"Faunamaster ATV Spr\u00f8jte FMS70 \u2013 effektiv spr\u00f8jte til ATV\/UTV. Ideel til marker, stier og naturarealer med pr\u00e6cis dosering og nem betjening.\" \/>\n<meta name=\"robots\" content=\"noindex, follow, max-snippet:-1, max-image-preview:large, max-video-preview:-1\" \/>\n<meta property=\"og:locale\" content=\"de_DE\" \/>\n<meta property=\"og:type\" content=\"article\" \/>\n<meta property=\"og:title\" content=\"Faunamaster ATV Spr\u00f8jte FMS70 \u2013 Pr\u00e6cis Spr\u00f8jtning\" \/>\n<meta property=\"og:description\" content=\"Faunamaster ATV Spr\u00f8jte FMS70 \u2013 effektiv spr\u00f8jte til ATV\/UTV. Ideel til marker, stier og naturarealer med pr\u00e6cis dosering og nem betjening.\" \/>\n<meta property=\"og:url\" content=\"https:\/\/faunamaster.com\/de\/faunamaster-atv-sproejte-fms70\/\" \/>\n<meta property=\"og:site_name\" content=\"Faunamaster.com\" \/>\n<meta property=\"article:publisher\" content=\"https:\/\/www.facebook.com\/Faunamaster\/\" \/>\n<meta property=\"article:modified_time\" content=\"2026-04-15T11:41:23+00:00\" \/>\n<meta name=\"twitter:card\" content=\"summary_large_image\" \/>\n<script type=\"application\/ld+json\" class=\"yoast-schema-graph\">{\"@context\":\"https:\\\/\\\/schema.org\",\"@graph\":[{\"@type\":\"WebPage\",\"@id\":\"https:\\\/\\\/faunamaster.com\\\/faunamaster-atv-sproejte-fms70\\\/\",\"url\":\"https:\\\/\\\/faunamaster.com\\\/faunamaster-atv-sproejte-fms70\\\/\",\"name\":\"Faunamaster ATV Spr\u00f8jte FMS70 \u2013 Pr\u00e6cis Spr\u00f8jtning\",\"isPartOf\":{\"@id\":\"https:\\\/\\\/faunamaster.com\\\/#website\"},\"datePublished\":\"2026-01-22T12:28:22+00:00\",\"dateModified\":\"2026-04-15T11:41:23+00:00\",\"description\":\"Faunamaster ATV Spr\u00f8jte FMS70 \u2013 effektiv spr\u00f8jte til ATV\\\/UTV. Ideel til marker, stier og naturarealer med pr\u00e6cis dosering og nem betjening.\",\"breadcrumb\":{\"@id\":\"https:\\\/\\\/faunamaster.com\\\/faunamaster-atv-sproejte-fms70\\\/#breadcrumb\"},\"inLanguage\":\"de\",\"potentialAction\":[{\"@type\":\"ReadAction\",\"target\":[\"https:\\\/\\\/faunamaster.com\\\/faunamaster-atv-sproejte-fms70\\\/\"]}]},{\"@type\":\"BreadcrumbList\",\"@id\":\"https:\\\/\\\/faunamaster.com\\\/faunamaster-atv-sproejte-fms70\\\/#breadcrumb\",\"itemListElement\":[{\"@type\":\"ListItem\",\"position\":1,\"name\":\"Hjem\",\"item\":\"https:\\\/\\\/faunamaster.com\\\/\"},{\"@type\":\"ListItem\",\"position\":2,\"name\":\"ATV Spr\u00f8jte FMS70\"}]},{\"@type\":\"WebSite\",\"@id\":\"https:\\\/\\\/faunamaster.com\\\/#website\",\"url\":\"https:\\\/\\\/faunamaster.com\\\/\",\"name\":\"Faunamaster.com\",\"description\":\"\",\"publisher\":{\"@id\":\"https:\\\/\\\/faunamaster.com\\\/#organization\"},\"potentialAction\":[{\"@type\":\"SearchAction\",\"target\":{\"@type\":\"EntryPoint\",\"urlTemplate\":\"https:\\\/\\\/faunamaster.com\\\/?s={search_term_string}\"},\"query-input\":{\"@type\":\"PropertyValueSpecification\",\"valueRequired\":true,\"valueName\":\"search_term_string\"}}],\"inLanguage\":\"de\"},{\"@type\":\"Organization\",\"@id\":\"https:\\\/\\\/faunamaster.com\\\/#organization\",\"name\":\"Faunamaster ApS\",\"url\":\"https:\\\/\\\/faunamaster.com\\\/\",\"logo\":{\"@type\":\"ImageObject\",\"inLanguage\":\"de\",\"@id\":\"https:\\\/\\\/faunamaster.com\\\/#\\\/schema\\\/logo\\\/image\\\/\",\"url\":\"https:\\\/\\\/faunamaster.com\\\/wp-content\\\/uploads\\\/2025\\\/11\\\/Logo-V3.png\",\"contentUrl\":\"https:\\\/\\\/faunamaster.com\\\/wp-content\\\/uploads\\\/2025\\\/11\\\/Logo-V3.png\",\"width\":1280,\"height\":288,\"caption\":\"Faunamaster ApS\"},\"image\":{\"@id\":\"https:\\\/\\\/faunamaster.com\\\/#\\\/schema\\\/logo\\\/image\\\/\"},\"sameAs\":[\"https:\\\/\\\/www.facebook.com\\\/Faunamaster\\\/\",\"https:\\\/\\\/www.instagram.com\\\/faunamaster\\\/\",\"https:\\\/\\\/dk.linkedin.com\\\/company\\\/faunamaster-aps\"]}]}<\/script>\n<!-- \/ Yoast SEO plugin. -->","yoast_head_json":{"title":"Faunamaster ATV Spr\u00f8jte FMS70 \u2013 Pr\u00e6cis Spr\u00f8jtning","description":"Faunamaster ATV Spr\u00f8jte FMS70 \u2013 effektiv spr\u00f8jte til ATV\/UTV. Ideel til marker, stier og naturarealer med pr\u00e6cis dosering og nem betjening.","robots":{"index":"noindex","follow":"follow","max-snippet":"max-snippet:-1","max-image-preview":"max-image-preview:large","max-video-preview":"max-video-preview:-1"},"og_locale":"de_DE","og_type":"article","og_title":"Faunamaster ATV Spr\u00f8jte FMS70 \u2013 Pr\u00e6cis Spr\u00f8jtning","og_description":"Faunamaster ATV Spr\u00f8jte FMS70 \u2013 effektiv spr\u00f8jte til ATV\/UTV. Ideel til marker, stier og naturarealer med pr\u00e6cis dosering og nem betjening.","og_url":"https:\/\/faunamaster.com\/de\/faunamaster-atv-sproejte-fms70\/","og_site_name":"Faunamaster.com","article_publisher":"https:\/\/www.facebook.com\/Faunamaster\/","article_modified_time":"2026-04-15T11:41:23+00:00","twitter_card":"summary_large_image","schema":{"@context":"https:\/\/schema.org","@graph":[{"@type":"WebPage","@id":"https:\/\/faunamaster.com\/faunamaster-atv-sproejte-fms70\/","url":"https:\/\/faunamaster.com\/faunamaster-atv-sproejte-fms70\/","name":"Faunamaster ATV Spr\u00f8jte FMS70 \u2013 Pr\u00e6cis Spr\u00f8jtning","isPartOf":{"@id":"https:\/\/faunamaster.com\/#website"},"datePublished":"2026-01-22T12:28:22+00:00","dateModified":"2026-04-15T11:41:23+00:00","description":"Faunamaster ATV Spr\u00f8jte FMS70 \u2013 effektiv spr\u00f8jte til ATV\/UTV. Ideel til marker, stier og naturarealer med pr\u00e6cis dosering og nem betjening.","breadcrumb":{"@id":"https:\/\/faunamaster.com\/faunamaster-atv-sproejte-fms70\/#breadcrumb"},"inLanguage":"de","potentialAction":[{"@type":"ReadAction","target":["https:\/\/faunamaster.com\/faunamaster-atv-sproejte-fms70\/"]}]},{"@type":"BreadcrumbList","@id":"https:\/\/faunamaster.com\/faunamaster-atv-sproejte-fms70\/#breadcrumb","itemListElement":[{"@type":"ListItem","position":1,"name":"Hjem","item":"https:\/\/faunamaster.com\/"},{"@type":"ListItem","position":2,"name":"ATV Spr\u00f8jte FMS70"}]},{"@type":"WebSite","@id":"https:\/\/faunamaster.com\/#website","url":"https:\/\/faunamaster.com\/","name":"Faunamaster.com","description":"","publisher":{"@id":"https:\/\/faunamaster.com\/#organization"},"potentialAction":[{"@type":"SearchAction","target":{"@type":"EntryPoint","urlTemplate":"https:\/\/faunamaster.com\/?s={search_term_string}"},"query-input":{"@type":"PropertyValueSpecification","valueRequired":true,"valueName":"search_term_string"}}],"inLanguage":"de"},{"@type":"Organization","@id":"https:\/\/faunamaster.com\/#organization","name":"Faunamaster ApS","url":"https:\/\/faunamaster.com\/","logo":{"@type":"ImageObject","inLanguage":"de","@id":"https:\/\/faunamaster.com\/#\/schema\/logo\/image\/","url":"https:\/\/faunamaster.com\/wp-content\/uploads\/2025\/11\/Logo-V3.png","contentUrl":"https:\/\/faunamaster.com\/wp-content\/uploads\/2025\/11\/Logo-V3.png","width":1280,"height":288,"caption":"Faunamaster ApS"},"image":{"@id":"https:\/\/faunamaster.com\/#\/schema\/logo\/image\/"},"sameAs":["https:\/\/www.facebook.com\/Faunamaster\/","https:\/\/www.instagram.com\/faunamaster\/","https:\/\/dk.linkedin.com\/company\/faunamaster-aps"]}]}},"_links":{"self":[{"href":"https:\/\/faunamaster.com\/de\/wp-json\/wp\/v2\/pages\/711","targetHints":{"allow":["GET"]}}],"collection":[{"href":"https:\/\/faunamaster.com\/de\/wp-json\/wp\/v2\/pages"}],"about":[{"href":"https:\/\/faunamaster.com\/de\/wp-json\/wp\/v2\/types\/page"}],"author":[{"embeddable":true,"href":"https:\/\/faunamaster.com\/de\/wp-json\/wp\/v2\/users\/1"}],"replies":[{"embeddable":true,"href":"https:\/\/faunamaster.com\/de\/wp-json\/wp\/v2\/comments?post=711"}],"version-history":[{"count":3,"href":"https:\/\/faunamaster.com\/de\/wp-json\/wp\/v2\/pages\/711\/revisions"}],"predecessor-version":[{"id":736,"href":"https:\/\/faunamaster.com\/de\/wp-json\/wp\/v2\/pages\/711\/revisions\/736"}],"wp:attachment":[{"href":"https:\/\/faunamaster.com\/de\/wp-json\/wp\/v2\/media?parent=711"}],"curies":[{"name":"wp","href":"https:\/\/api.w.org\/{rel}","templated":true}]}}